{"id":138,"date":"2022-03-31T10:19:09","date_gmt":"2022-03-31T10:19:09","guid":{"rendered":"http:\/\/tour.kracmag.com\/?page_id=138"},"modified":"2023-05-23T15:32:44","modified_gmt":"2023-05-23T15:32:44","slug":"comment-devenir-exposant","status":"publish","type":"page","link":"https:\/\/tourdulacbrome.com\/en\/comment-devenir-exposant\/","title":{"rendered":"How do I become an exhibitor?"},"content":{"rendered":"<div data-elementor-type=\"wp-page\" data-elementor-id=\"138\" class=\"elementor elementor-138\">\n\t\t\t\t\t\t<section class=\"elementor-section elementor-top-section elementor-element elementor-element-ac86560 elementor-section-boxed elementor-section-height-default elementor-section-height-default\" data-id=\"ac86560\" data-element_type=\"section\">\n\t\t\t\t\t\t<div class=\"elementor-container elementor-column-gap-default\">\n\t\t\t\t\t<div class=\"elementor-column elementor-col-100 elementor-top-column elementor-element elementor-element-b638193\" data-id=\"b638193\" data-element_type=\"column\">\n\t\t\t<div class=\"elementor-widget-wrap elementor-element-populated\">\n\t\t\t\t\t\t<div class=\"elementor-element elementor-element-f096953 elementor-widget elementor-widget-heading\" data-id=\"f096953\" data-element_type=\"widget\" data-widget_type=\"heading.default\">\n\t\t\t\t<div class=\"elementor-widget-container\">\n\t\t\t<h2 class=\"elementor-heading-title elementor-size-default\">How do I become an exhibitor?<\/h2>\t\t<\/div>\n\t\t\t\t<\/div>\n\t\t\t\t<div class=\"elementor-element elementor-element-1dbf038 elementor-widget elementor-widget-heading\" data-id=\"1dbf038\" data-element_type=\"widget\" data-widget_type=\"heading.default\">\n\t\t\t\t<div class=\"elementor-widget-container\">\n\t\t\t<h2 class=\"elementor-heading-title elementor-size-default\">Exhibitor Guide - Tour du Lac Brome Sun Life<\/h2>\t\t<\/div>\n\t\t\t\t<\/div>\n\t\t\t\t<div class=\"elementor-element elementor-element-b380fbe elementor-widget elementor-widget-text-editor\" data-id=\"b380fbe\" data-element_type=\"widget\" data-widget_type=\"text-editor.default\">\n\t\t\t\t<div class=\"elementor-widget-container\">\n\t\t\t\t\t\t\t<p>We are delighted to welcome you to this year's Tour du Lac Brome Sun Life!<\/p><p>This sporting event, with its unique course and festive, friendly atmosphere, attracts thousands of participants every year from all over the province.<\/p><p>The region's most important running event takes place in the heart of the most beautiful landscapes in the Eastern Townships.<\/p><p>A busy area will be reserved for exhibitors, so attendees can circulate among the booths.<\/p><p>Thanks to the popularity and notoriety of the race, you'll benefit from visibility,<\/p><p>over an entire weekend to showcase your products and make yourself known to the many Tour visitors.<\/p><p>To become an exhibitor: info@coursesthematiques.com\u00a0<\/p>\t\t\t\t\t\t<\/div>\n\t\t\t\t<\/div>\n\t\t\t\t\t<\/div>\n\t\t<\/div>\n\t\t\t\t\t<\/div>\n\t\t<\/section>\n\t\t\t\t<\/div>","protected":false},"excerpt":{"rendered":"<p>Comment devenir exposant? Guide des exposants &#8211; Tour du Lac Brome Sun Life Nous avons le plaisir de vous accueillir pour cette \u00e9dition du Tour du Lac Brome Sun Life! Cet \u00e9v\u00e9nement sportif, b\u00e9n\u00e9ficiant d\u2019un parcours unique ainsi que d\u2019une ambiance festive et conviviale, attire annuellement des milliers de participants provenant de partout en province. [&hellip;]<\/p>","protected":false},"author":1,"featured_media":0,"parent":0,"menu_order":0,"comment_status":"closed","ping_status":"closed","template":"","meta":{"footnotes":""},"class_list":["post-138","page","type-page","status-publish","hentry"],"jetpack_sharing_enabled":true,"_links":{"self":[{"href":"https:\/\/tourdulacbrome.com\/en\/wp-json\/wp\/v2\/pages\/138","targetHints":{"allow":["GET"]}}],"collection":[{"href":"https:\/\/tourdulacbrome.com\/en\/wp-json\/wp\/v2\/pages"}],"about":[{"href":"https:\/\/tourdulacbrome.com\/en\/wp-json\/wp\/v2\/types\/page"}],"author":[{"embeddable":true,"href":"https:\/\/tourdulacbrome.com\/en\/wp-json\/wp\/v2\/users\/1"}],"replies":[{"embeddable":true,"href":"https:\/\/tourdulacbrome.com\/en\/wp-json\/wp\/v2\/comments?post=138"}],"version-history":[{"count":25,"href":"https:\/\/tourdulacbrome.com\/en\/wp-json\/wp\/v2\/pages\/138\/revisions"}],"predecessor-version":[{"id":524,"href":"https:\/\/tourdulacbrome.com\/en\/wp-json\/wp\/v2\/pages\/138\/revisions\/524"}],"wp:attachment":[{"href":"https:\/\/tourdulacbrome.com\/en\/wp-json\/wp\/v2\/media?parent=138"}],"curies":[{"name":"wp","href":"https:\/\/api.w.org\/{rel}","templated":true}]}}