{"id":14,"date":"2022-03-31T00:50:02","date_gmt":"2022-03-31T00:50:02","guid":{"rendered":"https:\/\/tourdulacbrome.com\/?page_id=14"},"modified":"2025-07-28T18:38:59","modified_gmt":"2025-07-28T18:38:59","slug":"course-a-pied-tour-du-lac-brome","status":"publish","type":"page","link":"https:\/\/tourdulacbrome.com\/en\/","title":{"rendered":"Course \u00e0 Pied &#8211; Tour du Lac Brome"},"content":{"rendered":"<div data-elementor-type=\"wp-page\" data-elementor-id=\"14\" class=\"elementor elementor-14\">\n\t\t\t\t\t\t<section class=\"elementor-section elementor-top-section elementor-element elementor-element-90db1e8 elementor-section-boxed elementor-section-height-default elementor-section-height-default\" data-id=\"90db1e8\" data-element_type=\"section\" data-settings=\"{&quot;background_background&quot;:&quot;video&quot;,&quot;background_video_link&quot;:&quot;https:\\\/\\\/youtu.be\\\/DeK3ozvkfOc&quot;,&quot;background_video_start&quot;:1,&quot;background_video_end&quot;:90,&quot;background_play_on_mobile&quot;:&quot;yes&quot;}\">\n\t\t\t\t\t\t\t\t<div class=\"elementor-background-video-container\">\n\t\t\t\t\t\t\t\t\t\t\t\t\t<div class=\"elementor-background-video-embed\"><\/div>\n\t\t\t\t\t\t\t\t\t\t\t\t<\/div>\n\t\t\t\t\t\t\t\t<div class=\"elementor-container elementor-column-gap-default\">\n\t\t\t\t\t<div class=\"elementor-column elementor-col-100 elementor-top-column elementor-element elementor-element-9223178\" data-id=\"9223178\" data-element_type=\"column\">\n\t\t\t<div class=\"elementor-widget-wrap\">\n\t\t\t\t\t\t\t<\/div>\n\t\t<\/div>\n\t\t\t\t\t<\/div>\n\t\t<\/section>\n\t\t\t\t<section class=\"elementor-section elementor-top-section elementor-element elementor-element-c0e9781 elementor-section-boxed elementor-section-height-default elementor-section-height-default\" data-id=\"c0e9781\" data-element_type=\"section\">\n\t\t\t\t\t\t<div class=\"elementor-container elementor-column-gap-default\">\n\t\t\t\t\t<div class=\"elementor-column elementor-col-100 elementor-top-column elementor-element elementor-element-c576c92\" data-id=\"c576c92\" data-element_type=\"column\" data-settings=\"{&quot;background_background&quot;:&quot;classic&quot;}\">\n\t\t\t<div class=\"elementor-widget-wrap elementor-element-populated\">\n\t\t\t\t\t\t<div class=\"elementor-element elementor-element-d5e8a71 elementor-widget elementor-widget-heading\" data-id=\"d5e8a71\" data-element_type=\"widget\" data-widget_type=\"heading.default\">\n\t\t\t\t<div class=\"elementor-widget-container\">\n\t\t\t<h2 class=\"elementor-heading-title elementor-size-default\">TOUR DU LAC BROME SUN LIFE <\/h2>\t\t<\/div>\n\t\t\t\t<\/div>\n\t\t\t\t<div class=\"elementor-element elementor-element-6f8238d elementor-widget elementor-widget-text-editor\" data-id=\"6f8238d\" data-element_type=\"widget\" data-widget_type=\"text-editor.default\">\n\t\t\t\t<div class=\"elementor-widget-container\">\n\t\t\t\t\t\t\t<h3><span style=\"font-weight: 400; font-size: 1rem;\">Venez courir ou marcher le 13 et 14 juin 2026 dans le bucolique village de Knowlton. D\u00e9couvrez les charmes uniques des Cantons-de-l&rsquo;Est avec plusieurs distances disponibles ou les d\u00e9fis sur deux jours!<\/span><\/h3><p>Le Tour du Lac Brome Sun Life is one of the oldest races in the region. Every year, over 2,500 participants take part.<\/p>\t\t\t\t\t\t<\/div>\n\t\t\t\t<\/div>\n\t\t\t\t<div class=\"elementor-element elementor-element-783c9fa elementor-align-center elementor-widget elementor-widget-button\" data-id=\"783c9fa\" data-element_type=\"widget\" data-widget_type=\"button.default\">\n\t\t\t\t<div class=\"elementor-widget-container\">\n\t\t\t\t\t<div class=\"elementor-button-wrapper\">\n\t\t\t<a class=\"elementor-button elementor-button-link elementor-size-lg\" href=\"https:\/\/raceroster.com\/events\/2026\/108827\/tour-du-lac-brome-sun-life\">\n\t\t\t\t\t\t<span class=\"elementor-button-content-wrapper\">\n\t\t\t\t\t\t\t\t\t<span class=\"elementor-button-text\">REGISTRATION<\/span>\n\t\t\t\t\t<\/span>\n\t\t\t\t\t<\/a>\n\t\t<\/div>\n\t\t\t\t<\/div>\n\t\t\t\t<\/div>\n\t\t\t\t\t<\/div>\n\t\t<\/div>\n\t\t\t\t\t<\/div>\n\t\t<\/section>\n\t\t\t\t<\/div>","protected":false},"excerpt":{"rendered":"<p>TOUR DU LAC BROME SUN LIFE Venez courir ou marcher le 13 et 14 juin 2026 dans le bucolique village de Knowlton. D\u00e9couvrez les charmes uniques des Cantons-de-l&rsquo;Est avec plusieurs distances disponibles ou les d\u00e9fis sur deux jours! Le Tour du Lac Brome Sun Life est une des doyennes des courses en r\u00e9gion. Chaque ann\u00e9e, [&hellip;]<\/p>","protected":false},"author":1,"featured_media":0,"parent":0,"menu_order":0,"comment_status":"closed","ping_status":"closed","template":"","meta":{"footnotes":""},"class_list":["post-14","page","type-page","status-publish","hentry"],"jetpack_sharing_enabled":true,"_links":{"self":[{"href":"https:\/\/tourdulacbrome.com\/en\/wp-json\/wp\/v2\/pages\/14","targetHints":{"allow":["GET"]}}],"collection":[{"href":"https:\/\/tourdulacbrome.com\/en\/wp-json\/wp\/v2\/pages"}],"about":[{"href":"https:\/\/tourdulacbrome.com\/en\/wp-json\/wp\/v2\/types\/page"}],"author":[{"embeddable":true,"href":"https:\/\/tourdulacbrome.com\/en\/wp-json\/wp\/v2\/users\/1"}],"replies":[{"embeddable":true,"href":"https:\/\/tourdulacbrome.com\/en\/wp-json\/wp\/v2\/comments?post=14"}],"version-history":[{"count":183,"href":"https:\/\/tourdulacbrome.com\/en\/wp-json\/wp\/v2\/pages\/14\/revisions"}],"predecessor-version":[{"id":885,"href":"https:\/\/tourdulacbrome.com\/en\/wp-json\/wp\/v2\/pages\/14\/revisions\/885"}],"wp:attachment":[{"href":"https:\/\/tourdulacbrome.com\/en\/wp-json\/wp\/v2\/media?parent=14"}],"curies":[{"name":"wp","href":"https:\/\/api.w.org\/{rel}","templated":true}]}}