{"id":152,"date":"2022-03-31T10:45:50","date_gmt":"2022-03-31T10:45:50","guid":{"rendered":"http:\/\/tour.kracmag.com\/?page_id=152"},"modified":"2025-06-09T19:03:50","modified_gmt":"2025-06-09T19:03:50","slug":"les-partenaires-du-lac-brome","status":"publish","type":"page","link":"https:\/\/tourdulacbrome.com\/en\/les-partenaires-du-lac-brome\/","title":{"rendered":"Les Partenaires du Lac Brome"},"content":{"rendered":"<div data-elementor-type=\"wp-page\" data-elementor-id=\"152\" class=\"elementor elementor-152\">\n\t\t\t\t\t\t<section class=\"elementor-section elementor-top-section elementor-element elementor-element-9a2afee elementor-section-boxed elementor-section-height-default elementor-section-height-default\" data-id=\"9a2afee\" data-element_type=\"section\">\n\t\t\t\t\t\t<div class=\"elementor-container elementor-column-gap-default\">\n\t\t\t\t\t<div class=\"elementor-column elementor-col-100 elementor-top-column elementor-element elementor-element-5f2a4c7\" data-id=\"5f2a4c7\" data-element_type=\"column\">\n\t\t\t<div class=\"elementor-widget-wrap elementor-element-populated\">\n\t\t\t\t\t\t<div class=\"elementor-element elementor-element-c89910e elementor-widget elementor-widget-text-editor\" data-id=\"c89910e\" data-element_type=\"widget\" data-widget_type=\"text-editor.default\">\n\t\t\t\t<div class=\"elementor-widget-container\">\n\t\t\t\t\t\t\t<p>The Tour du Lac Brome Sun Life benefits from the help of several partners to achieve its mission.<\/p>\n<p>A partnership is first and foremost a joint project built on mutual interests: a desire to become part of the local fabric, dynamism, spreading a positive image of your company around strong values, advertising.<\/p>\n<p>This will raise your profile with runners and their families, as the race will be publicized through the media: Flyers and posters, numerous publications on social networks, announcements on M105 radio, publication of the event in specialized sports magazines, banners, tents at the race site.<\/p>\n<p>For more information, please contact us by e-mail at <span style=\"text-decoration: underline;\">info@coursesthematiques.com<\/span><\/p>\t\t\t\t\t\t<\/div>\n\t\t\t\t<\/div>\n\t\t\t\t<div class=\"elementor-element elementor-element-ddca3cf elementor-widget elementor-widget-heading\" data-id=\"ddca3cf\" data-element_type=\"widget\" data-widget_type=\"heading.default\">\n\t\t\t\t<div class=\"elementor-widget-container\">\n\t\t\t<h2 class=\"elementor-heading-title elementor-size-default\">Our partners<\/h2>\t\t<\/div>\n\t\t\t\t<\/div>\n\t\t\t\t<div class=\"elementor-element elementor-element-3b621a5 elementor-widget elementor-widget-image-gallery\" data-id=\"3b621a5\" data-element_type=\"widget\" data-widget_type=\"image-gallery.default\">\n\t\t\t\t<div class=\"elementor-widget-container\">\n\t\t\t\t\t<div class=\"elementor-image-gallery\">\n\t\t\t<div id='gallery-1' class='gallery galleryid-152 gallery-columns-2 gallery-size-medium'><figure class='gallery-item'>\n\t\t\t<div class='gallery-icon landscape'>\n\t\t\t\t<a data-elementor-open-lightbox=\"yes\" data-elementor-lightbox-slideshow=\"3b621a5\" data-elementor-lightbox-title=\"Logo-Courses-Thematiques-Sunlife_COUL (12)\" data-e-action-hash=\"#elementor-action%3Aaction%3Dlightbox%26settings%3DeyJpZCI6NjU5LCJ1cmwiOiJodHRwczpcL1wvdG91cmR1bGFjYnJvbWUuY29tXC93cC1jb250ZW50XC91cGxvYWRzXC8yMDI0XC8wNFwvTG9nby1Db3Vyc2VzLVRoZW1hdGlxdWVzLVN1bmxpZmVfQ09VTC0xMi5wbmciLCJzbGlkZXNob3ciOiIzYjYyMWE1In0%3D\" href='https:\/\/tourdulacbrome.com\/wp-content\/uploads\/2024\/04\/Logo-Courses-Thematiques-Sunlife_COUL-12.png'><img decoding=\"async\" width=\"300\" height=\"158\" src=\"https:\/\/tourdulacbrome.com\/wp-content\/uploads\/2024\/04\/Logo-Courses-Thematiques-Sunlife_COUL-12-300x158.png\" class=\"attachment-medium size-medium\" alt=\"\" srcset=\"https:\/\/tourdulacbrome.com\/wp-content\/uploads\/2024\/04\/Logo-Courses-Thematiques-Sunlife_COUL-12-300x158.png 300w, https:\/\/tourdulacbrome.com\/wp-content\/uploads\/2024\/04\/Logo-Courses-Thematiques-Sunlife_COUL-12-18x9.png 18w, https:\/\/tourdulacbrome.com\/wp-content\/uploads\/2024\/04\/Logo-Courses-Thematiques-Sunlife_COUL-12-600x316.png 600w, https:\/\/tourdulacbrome.com\/wp-content\/uploads\/2024\/04\/Logo-Courses-Thematiques-Sunlife_COUL-12.png 684w\" sizes=\"(max-width: 300px) 100vw, 300px\" \/><\/a>\n\t\t\t<\/div><\/figure><figure class='gallery-item'>\n\t\t\t<div class='gallery-icon landscape'>\n\t\t\t\t<a data-elementor-open-lightbox=\"yes\" data-elementor-lightbox-slideshow=\"3b621a5\" data-elementor-lightbox-title=\"SL_CLR_RGB\" data-e-action-hash=\"#elementor-action%3Aaction%3Dlightbox%26settings%3DeyJpZCI6NDc1LCJ1cmwiOiJodHRwczpcL1wvdG91cmR1bGFjYnJvbWUuY29tXC93cC1jb250ZW50XC91cGxvYWRzXC8yMDIzXC8wM1wvU0xfQ0xSX1JHQi5wbmciLCJzbGlkZXNob3ciOiIzYjYyMWE1In0%3D\" href='https:\/\/tourdulacbrome.com\/wp-content\/uploads\/2023\/03\/SL_CLR_RGB.png'><img decoding=\"async\" width=\"300\" height=\"73\" src=\"https:\/\/tourdulacbrome.com\/wp-content\/uploads\/2023\/03\/SL_CLR_RGB-300x73.png\" class=\"attachment-medium size-medium\" alt=\"\" srcset=\"https:\/\/tourdulacbrome.com\/wp-content\/uploads\/2023\/03\/SL_CLR_RGB-300x73.png 300w, https:\/\/tourdulacbrome.com\/wp-content\/uploads\/2023\/03\/SL_CLR_RGB-600x145.png 600w, https:\/\/tourdulacbrome.com\/wp-content\/uploads\/2023\/03\/SL_CLR_RGB.png 620w\" sizes=\"(max-width: 300px) 100vw, 300px\" \/><\/a>\n\t\t\t<\/div><\/figure><figure class='gallery-item'>\n\t\t\t<div class='gallery-icon landscape'>\n\t\t\t\t<a data-elementor-open-lightbox=\"yes\" data-elementor-lightbox-slideshow=\"3b621a5\" data-elementor-lightbox-title=\"150_ville_lac_brome_partenaire_tour_du_lac_brome\" data-e-action-hash=\"#elementor-action%3Aaction%3Dlightbox%26settings%3DeyJpZCI6MTU0LCJ1cmwiOiJodHRwczpcL1wvdG91cmR1bGFjYnJvbWUuY29tXC93cC1jb250ZW50XC91cGxvYWRzXC8yMDIyXC8wM1wvMTUwX3ZpbGxlX2xhY19icm9tZV9wYXJ0ZW5haXJlX3RvdXJfZHVfbGFjX2Jyb21lLmpwZyIsInNsaWRlc2hvdyI6IjNiNjIxYTUifQ%3D%3D\" href='https:\/\/tourdulacbrome.com\/wp-content\/uploads\/2022\/03\/150_ville_lac_brome_partenaire_tour_du_lac_brome.jpg'><img decoding=\"async\" width=\"202\" height=\"150\" src=\"https:\/\/tourdulacbrome.com\/wp-content\/uploads\/2022\/03\/150_ville_lac_brome_partenaire_tour_du_lac_brome.jpg\" class=\"attachment-medium size-medium\" alt=\"ville lac-brome\" \/><\/a>\n\t\t\t<\/div><\/figure><figure class='gallery-item'>\n\t\t\t<div class='gallery-icon landscape'>\n\t\t\t\t<a data-elementor-open-lightbox=\"yes\" data-elementor-lightbox-slideshow=\"3b621a5\" data-elementor-lightbox-title=\"Logo_du_le_gouvernement_du_Que\u0301bec.svg (2)\" data-e-action-hash=\"#elementor-action%3Aaction%3Dlightbox%26settings%3DeyJpZCI6NzY1LCJ1cmwiOiJodHRwczpcL1wvdG91cmR1bGFjYnJvbWUuY29tXC93cC1jb250ZW50XC91cGxvYWRzXC8yMDI1XC8wM1wvTG9nb19kdV9sZV9nb3V2ZXJuZW1lbnRfZHVfUXVlYmVjLnN2Zy0yLnBuZyIsInNsaWRlc2hvdyI6IjNiNjIxYTUifQ%3D%3D\" href='https:\/\/tourdulacbrome.com\/wp-content\/uploads\/2025\/03\/Logo_du_le_gouvernement_du_Quebec.svg-2.png'><img loading=\"lazy\" decoding=\"async\" width=\"300\" height=\"65\" src=\"https:\/\/tourdulacbrome.com\/wp-content\/uploads\/2025\/03\/Logo_du_le_gouvernement_du_Quebec.svg-2-300x65.png\" class=\"attachment-medium size-medium\" alt=\"\" srcset=\"https:\/\/tourdulacbrome.com\/wp-content\/uploads\/2025\/03\/Logo_du_le_gouvernement_du_Quebec.svg-2-300x65.png 300w, https:\/\/tourdulacbrome.com\/wp-content\/uploads\/2025\/03\/Logo_du_le_gouvernement_du_Quebec.svg-2-1024x222.png 1024w, https:\/\/tourdulacbrome.com\/wp-content\/uploads\/2025\/03\/Logo_du_le_gouvernement_du_Quebec.svg-2-768x166.png 768w, https:\/\/tourdulacbrome.com\/wp-content\/uploads\/2025\/03\/Logo_du_le_gouvernement_du_Quebec.svg-2-1536x332.png 1536w, https:\/\/tourdulacbrome.com\/wp-content\/uploads\/2025\/03\/Logo_du_le_gouvernement_du_Quebec.svg-2-2048x443.png 2048w, https:\/\/tourdulacbrome.com\/wp-content\/uploads\/2025\/03\/Logo_du_le_gouvernement_du_Quebec.svg-2-18x4.png 18w, https:\/\/tourdulacbrome.com\/wp-content\/uploads\/2025\/03\/Logo_du_le_gouvernement_du_Quebec.svg-2-600x130.png 600w\" sizes=\"(max-width: 300px) 100vw, 300px\" \/><\/a>\n\t\t\t<\/div><\/figure><figure class='gallery-item'>\n\t\t\t<div class='gallery-icon landscape'>\n\t\t\t\t<a data-elementor-open-lightbox=\"yes\" data-elementor-lightbox-slideshow=\"3b621a5\" data-elementor-lightbox-title=\"Cre\u0301ation sans titre - 2025-03-06T100700.468\" data-e-action-hash=\"#elementor-action%3Aaction%3Dlightbox%26settings%3DeyJpZCI6NzY3LCJ1cmwiOiJodHRwczpcL1wvdG91cmR1bGFjYnJvbWUuY29tXC93cC1jb250ZW50XC91cGxvYWRzXC8yMDI1XC8wM1wvQ3JlYXRpb24tc2Fucy10aXRyZS0yMDI1LTAzLTA2VDEwMDcwMC40NjgtZTE3NDEyNzM2OTEzNzIucG5nIiwic2xpZGVzaG93IjoiM2I2MjFhNSJ9\" href='https:\/\/tourdulacbrome.com\/wp-content\/uploads\/2025\/03\/Creation-sans-titre-2025-03-06T100700.468-e1741273691372.png'><img loading=\"lazy\" decoding=\"async\" width=\"300\" height=\"163\" src=\"https:\/\/tourdulacbrome.com\/wp-content\/uploads\/2025\/03\/Creation-sans-titre-2025-03-06T100700.468-e1741273691372-300x163.png\" class=\"attachment-medium size-medium\" alt=\"\" srcset=\"https:\/\/tourdulacbrome.com\/wp-content\/uploads\/2025\/03\/Creation-sans-titre-2025-03-06T100700.468-e1741273691372-300x163.png 300w, https:\/\/tourdulacbrome.com\/wp-content\/uploads\/2025\/03\/Creation-sans-titre-2025-03-06T100700.468-e1741273691372-1024x556.png 1024w, https:\/\/tourdulacbrome.com\/wp-content\/uploads\/2025\/03\/Creation-sans-titre-2025-03-06T100700.468-e1741273691372-768x417.png 768w, https:\/\/tourdulacbrome.com\/wp-content\/uploads\/2025\/03\/Creation-sans-titre-2025-03-06T100700.468-e1741273691372-18x10.png 18w, https:\/\/tourdulacbrome.com\/wp-content\/uploads\/2025\/03\/Creation-sans-titre-2025-03-06T100700.468-e1741273691372-600x326.png 600w, https:\/\/tourdulacbrome.com\/wp-content\/uploads\/2025\/03\/Creation-sans-titre-2025-03-06T100700.468-e1741273691372.png 1080w\" sizes=\"(max-width: 300px) 100vw, 300px\" \/><\/a>\n\t\t\t<\/div><\/figure><figure class='gallery-item'>\n\t\t\t<div class='gallery-icon landscape'>\n\t\t\t\t<a data-elementor-open-lightbox=\"yes\" data-elementor-lightbox-slideshow=\"3b621a5\" data-elementor-lightbox-title=\"20190612_104328 (1)\" data-e-action-hash=\"#elementor-action%3Aaction%3Dlightbox%26settings%3DeyJpZCI6NjU0LCJ1cmwiOiJodHRwczpcL1wvdG91cmR1bGFjYnJvbWUuY29tXC93cC1jb250ZW50XC91cGxvYWRzXC8yMDI0XC8wMVwvMjAxOTA2MTJfMTA0MzI4LTEud2VicCIsInNsaWRlc2hvdyI6IjNiNjIxYTUifQ%3D%3D\" href='https:\/\/tourdulacbrome.com\/wp-content\/uploads\/2024\/01\/20190612_104328-1.webp'><img loading=\"lazy\" decoding=\"async\" width=\"300\" height=\"162\" src=\"https:\/\/tourdulacbrome.com\/wp-content\/uploads\/2024\/01\/20190612_104328-1-300x162.webp\" class=\"attachment-medium size-medium\" alt=\"\" srcset=\"https:\/\/tourdulacbrome.com\/wp-content\/uploads\/2024\/01\/20190612_104328-1-300x162.webp 300w, https:\/\/tourdulacbrome.com\/wp-content\/uploads\/2024\/01\/20190612_104328-1-1024x554.webp 1024w, https:\/\/tourdulacbrome.com\/wp-content\/uploads\/2024\/01\/20190612_104328-1-768x415.webp 768w, https:\/\/tourdulacbrome.com\/wp-content\/uploads\/2024\/01\/20190612_104328-1-18x10.webp 18w, https:\/\/tourdulacbrome.com\/wp-content\/uploads\/2024\/01\/20190612_104328-1-600x324.webp 600w, https:\/\/tourdulacbrome.com\/wp-content\/uploads\/2024\/01\/20190612_104328-1.webp 1080w\" sizes=\"(max-width: 300px) 100vw, 300px\" \/><\/a>\n\t\t\t<\/div><\/figure><figure class='gallery-item'>\n\t\t\t<div class='gallery-icon landscape'>\n\t\t\t\t<a data-elementor-open-lightbox=\"yes\" data-elementor-lightbox-slideshow=\"3b621a5\" data-elementor-lightbox-title=\"SPEK-logo-typo\" data-e-action-hash=\"#elementor-action%3Aaction%3Dlightbox%26settings%3DeyJpZCI6NzQ5LCJ1cmwiOiJodHRwczpcL1wvdG91cmR1bGFjYnJvbWUuY29tXC93cC1jb250ZW50XC91cGxvYWRzXC8yMDI1XC8wMVwvU1BFSy1sb2dvLXR5cG8ucG5nIiwic2xpZGVzaG93IjoiM2I2MjFhNSJ9\" href='https:\/\/tourdulacbrome.com\/wp-content\/uploads\/2025\/01\/SPEK-logo-typo.png'><img loading=\"lazy\" decoding=\"async\" width=\"300\" height=\"180\" src=\"https:\/\/tourdulacbrome.com\/wp-content\/uploads\/2025\/01\/SPEK-logo-typo-300x180.png\" class=\"attachment-medium size-medium\" alt=\"\" srcset=\"https:\/\/tourdulacbrome.com\/wp-content\/uploads\/2025\/01\/SPEK-logo-typo-300x180.png 300w, https:\/\/tourdulacbrome.com\/wp-content\/uploads\/2025\/01\/SPEK-logo-typo-1024x614.png 1024w, https:\/\/tourdulacbrome.com\/wp-content\/uploads\/2025\/01\/SPEK-logo-typo-768x461.png 768w, https:\/\/tourdulacbrome.com\/wp-content\/uploads\/2025\/01\/SPEK-logo-typo-1536x922.png 1536w, https:\/\/tourdulacbrome.com\/wp-content\/uploads\/2025\/01\/SPEK-logo-typo-2048x1229.png 2048w, https:\/\/tourdulacbrome.com\/wp-content\/uploads\/2025\/01\/SPEK-logo-typo-18x12.png 18w, https:\/\/tourdulacbrome.com\/wp-content\/uploads\/2025\/01\/SPEK-logo-typo-600x360.png 600w\" sizes=\"(max-width: 300px) 100vw, 300px\" \/><\/a>\n\t\t\t<\/div><\/figure><figure class='gallery-item'>\n\t\t\t<div class='gallery-icon landscape'>\n\t\t\t\t<a data-elementor-open-lightbox=\"yes\" data-elementor-lightbox-slideshow=\"3b621a5\" data-elementor-lightbox-title=\"IDOLEM_logo2023_Officiel_Noir\" data-e-action-hash=\"#elementor-action%3Aaction%3Dlightbox%26settings%3DeyJpZCI6NzYxLCJ1cmwiOiJodHRwczpcL1wvdG91cmR1bGFjYnJvbWUuY29tXC93cC1jb250ZW50XC91cGxvYWRzXC8yMDI1XC8wM1wvSURPTEVNX2xvZ28yMDIzX09mZmljaWVsX05vaXIucG5nIiwic2xpZGVzaG93IjoiM2I2MjFhNSJ9\" href='https:\/\/tourdulacbrome.com\/wp-content\/uploads\/2025\/03\/IDOLEM_logo2023_Officiel_Noir.png'><img loading=\"lazy\" decoding=\"async\" width=\"300\" height=\"217\" src=\"https:\/\/tourdulacbrome.com\/wp-content\/uploads\/2025\/03\/IDOLEM_logo2023_Officiel_Noir-300x217.png\" class=\"attachment-medium size-medium\" alt=\"\" srcset=\"https:\/\/tourdulacbrome.com\/wp-content\/uploads\/2025\/03\/IDOLEM_logo2023_Officiel_Noir-300x217.png 300w, https:\/\/tourdulacbrome.com\/wp-content\/uploads\/2025\/03\/IDOLEM_logo2023_Officiel_Noir-1024x741.png 1024w, https:\/\/tourdulacbrome.com\/wp-content\/uploads\/2025\/03\/IDOLEM_logo2023_Officiel_Noir-768x556.png 768w, https:\/\/tourdulacbrome.com\/wp-content\/uploads\/2025\/03\/IDOLEM_logo2023_Officiel_Noir-1536x1112.png 1536w, https:\/\/tourdulacbrome.com\/wp-content\/uploads\/2025\/03\/IDOLEM_logo2023_Officiel_Noir-2048x1483.png 2048w, https:\/\/tourdulacbrome.com\/wp-content\/uploads\/2025\/03\/IDOLEM_logo2023_Officiel_Noir-18x12.png 18w, https:\/\/tourdulacbrome.com\/wp-content\/uploads\/2025\/03\/IDOLEM_logo2023_Officiel_Noir-600x434.png 600w\" sizes=\"(max-width: 300px) 100vw, 300px\" \/><\/a>\n\t\t\t<\/div><\/figure><figure class='gallery-item'>\n\t\t\t<div class='gallery-icon portrait'>\n\t\t\t\t<a data-elementor-open-lightbox=\"yes\" data-elementor-lightbox-slideshow=\"3b621a5\" data-elementor-lightbox-title=\"images (7)\" data-e-action-hash=\"#elementor-action%3Aaction%3Dlightbox%26settings%3DeyJpZCI6NzgwLCJ1cmwiOiJodHRwczpcL1wvdG91cmR1bGFjYnJvbWUuY29tXC93cC1jb250ZW50XC91cGxvYWRzXC8yMDI1XC8wNVwvaW1hZ2VzLTcucG5nIiwic2xpZGVzaG93IjoiM2I2MjFhNSJ9\" href='https:\/\/tourdulacbrome.com\/wp-content\/uploads\/2025\/05\/images-7.png'><img loading=\"lazy\" decoding=\"async\" width=\"202\" height=\"249\" src=\"https:\/\/tourdulacbrome.com\/wp-content\/uploads\/2025\/05\/images-7.png\" class=\"attachment-medium size-medium\" alt=\"\" srcset=\"https:\/\/tourdulacbrome.com\/wp-content\/uploads\/2025\/05\/images-7.png 202w, https:\/\/tourdulacbrome.com\/wp-content\/uploads\/2025\/05\/images-7-10x12.png 10w\" sizes=\"(max-width: 202px) 100vw, 202px\" \/><\/a>\n\t\t\t<\/div><\/figure><figure class='gallery-item'>\n\t\t\t<div class='gallery-icon landscape'>\n\t\t\t\t<a data-elementor-open-lightbox=\"yes\" data-elementor-lightbox-slideshow=\"3b621a5\" data-elementor-lightbox-title=\"Yoplait&amp;Liberte\u0301_LOGO CORPO Canada_COUL_250110\" data-e-action-hash=\"#elementor-action%3Aaction%3Dlightbox%26settings%3DeyJpZCI6Nzc1LCJ1cmwiOiJodHRwczpcL1wvdG91cmR1bGFjYnJvbWUuY29tXC93cC1jb250ZW50XC91cGxvYWRzXC8yMDI1XC8wNVwvWW9wbGFpdExpYmVydGVfTE9HTy1DT1JQTy1DYW5hZGFfQ09VTF8yNTAxMTAucG5nIiwic2xpZGVzaG93IjoiM2I2MjFhNSJ9\" href='https:\/\/tourdulacbrome.com\/wp-content\/uploads\/2025\/05\/YoplaitLiberte_LOGO-CORPO-Canada_COUL_250110.png'><img loading=\"lazy\" decoding=\"async\" width=\"300\" height=\"300\" src=\"https:\/\/tourdulacbrome.com\/wp-content\/uploads\/2025\/05\/YoplaitLiberte_LOGO-CORPO-Canada_COUL_250110.png\" class=\"attachment-medium size-medium\" alt=\"\" \/><\/a>\n\t\t\t<\/div><\/figure><figure class='gallery-item'>\n\t\t\t<div class='gallery-icon landscape'>\n\t\t\t\t<a data-elementor-open-lightbox=\"yes\" data-elementor-lightbox-slideshow=\"3b621a5\" data-elementor-lightbox-title=\"Signature_laiterie_coaticook (1)\" data-e-action-hash=\"#elementor-action%3Aaction%3Dlightbox%26settings%3DeyJpZCI6NzcxLCJ1cmwiOiJodHRwczpcL1wvdG91cmR1bGFjYnJvbWUuY29tXC93cC1jb250ZW50XC91cGxvYWRzXC8yMDI1XC8wM1wvU2lnbmF0dXJlX2xhaXRlcmllX2NvYXRpY29vay0xLnBuZyIsInNsaWRlc2hvdyI6IjNiNjIxYTUifQ%3D%3D\" href='https:\/\/tourdulacbrome.com\/wp-content\/uploads\/2025\/03\/Signature_laiterie_coaticook-1.png'><img loading=\"lazy\" decoding=\"async\" width=\"300\" height=\"114\" src=\"https:\/\/tourdulacbrome.com\/wp-content\/uploads\/2025\/03\/Signature_laiterie_coaticook-1-300x114.png\" class=\"attachment-medium size-medium\" alt=\"\" srcset=\"https:\/\/tourdulacbrome.com\/wp-content\/uploads\/2025\/03\/Signature_laiterie_coaticook-1-300x114.png 300w, https:\/\/tourdulacbrome.com\/wp-content\/uploads\/2025\/03\/Signature_laiterie_coaticook-1-1024x390.png 1024w, https:\/\/tourdulacbrome.com\/wp-content\/uploads\/2025\/03\/Signature_laiterie_coaticook-1-768x292.png 768w, https:\/\/tourdulacbrome.com\/wp-content\/uploads\/2025\/03\/Signature_laiterie_coaticook-1-1536x585.png 1536w, https:\/\/tourdulacbrome.com\/wp-content\/uploads\/2025\/03\/Signature_laiterie_coaticook-1-2048x779.png 2048w, https:\/\/tourdulacbrome.com\/wp-content\/uploads\/2025\/03\/Signature_laiterie_coaticook-1-18x7.png 18w, https:\/\/tourdulacbrome.com\/wp-content\/uploads\/2025\/03\/Signature_laiterie_coaticook-1-600x228.png 600w\" sizes=\"(max-width: 300px) 100vw, 300px\" \/><\/a>\n\t\t\t<\/div><\/figure><figure class='gallery-item'>\n\t\t\t<div class='gallery-icon landscape'>\n\t\t\t\t<a data-elementor-open-lightbox=\"yes\" data-elementor-lightbox-slideshow=\"3b621a5\" data-elementor-lightbox-title=\"logo-cal-2021\" data-e-action-hash=\"#elementor-action%3Aaction%3Dlightbox%26settings%3DeyJpZCI6NzY2LCJ1cmwiOiJodHRwczpcL1wvdG91cmR1bGFjYnJvbWUuY29tXC93cC1jb250ZW50XC91cGxvYWRzXC8yMDI1XC8wM1wvbG9nby1jYWwtMjAyMS5wbmciLCJzbGlkZXNob3ciOiIzYjYyMWE1In0%3D\" href='https:\/\/tourdulacbrome.com\/wp-content\/uploads\/2025\/03\/logo-cal-2021.png'><img loading=\"lazy\" decoding=\"async\" width=\"300\" height=\"135\" src=\"https:\/\/tourdulacbrome.com\/wp-content\/uploads\/2025\/03\/logo-cal-2021-300x135.png\" class=\"attachment-medium size-medium\" alt=\"\" srcset=\"https:\/\/tourdulacbrome.com\/wp-content\/uploads\/2025\/03\/logo-cal-2021-300x135.png 300w, https:\/\/tourdulacbrome.com\/wp-content\/uploads\/2025\/03\/logo-cal-2021-18x8.png 18w, https:\/\/tourdulacbrome.com\/wp-content\/uploads\/2025\/03\/logo-cal-2021.png 350w\" sizes=\"(max-width: 300px) 100vw, 300px\" \/><\/a>\n\t\t\t<\/div><\/figure>\n\t\t<\/div>\n\t\t<\/div>\n\t\t\t\t<\/div>\n\t\t\t\t<\/div>\n\t\t\t\t<section class=\"elementor-section elementor-inner-section elementor-element elementor-element-564ac9f elementor-section-boxed elementor-section-height-default elementor-section-height-default\" data-id=\"564ac9f\" data-element_type=\"section\">\n\t\t\t\t\t\t<div class=\"elementor-container elementor-column-gap-default\">\n\t\t\t\t\t<div class=\"elementor-column elementor-col-50 elementor-inner-column elementor-element elementor-element-fdd46f8\" data-id=\"fdd46f8\" data-element_type=\"column\">\n\t\t\t<div class=\"elementor-widget-wrap elementor-element-populated\">\n\t\t\t\t\t\t<div class=\"elementor-element elementor-element-326313c elementor-widget elementor-widget-image\" data-id=\"326313c\" data-element_type=\"widget\" data-widget_type=\"image.default\">\n\t\t\t\t<div class=\"elementor-widget-container\">\n\t\t\t\t\t\t\t\t\t\t\t\t\t\t<a href=\"https:\/\/h1iste.com\">\n\t\t\t\t\t\t\t<img loading=\"lazy\" decoding=\"async\" width=\"500\" height=\"500\" src=\"https:\/\/tourdulacbrome.com\/wp-content\/uploads\/2025\/06\/Untitled-design-48.png\" class=\"attachment-large size-large wp-image-866\" alt=\"h1site\" srcset=\"https:\/\/tourdulacbrome.com\/wp-content\/uploads\/2025\/06\/Untitled-design-48.png 500w, https:\/\/tourdulacbrome.com\/wp-content\/uploads\/2025\/06\/Untitled-design-48-300x300.png 300w, https:\/\/tourdulacbrome.com\/wp-content\/uploads\/2025\/06\/Untitled-design-48-150x150.png 150w, https:\/\/tourdulacbrome.com\/wp-content\/uploads\/2025\/06\/Untitled-design-48-12x12.png 12w, https:\/\/tourdulacbrome.com\/wp-content\/uploads\/2025\/06\/Untitled-design-48-100x100.png 100w\" sizes=\"(max-width: 500px) 100vw, 500px\" \/>\t\t\t\t\t\t\t\t<\/a>\n\t\t\t\t\t\t\t\t\t\t\t\t\t<\/div>\n\t\t\t\t<\/div>\n\t\t\t\t\t<\/div>\n\t\t<\/div>\n\t\t\t\t<div class=\"elementor-column elementor-col-50 elementor-inner-column elementor-element elementor-element-3218d66\" data-id=\"3218d66\" data-element_type=\"column\">\n\t\t\t<div class=\"elementor-widget-wrap\">\n\t\t\t\t\t\t\t<\/div>\n\t\t<\/div>\n\t\t\t\t\t<\/div>\n\t\t<\/section>\n\t\t\t\t\t<\/div>\n\t\t<\/div>\n\t\t\t\t\t<\/div>\n\t\t<\/section>\n\t\t\t\t<\/div>","protected":false},"excerpt":{"rendered":"<p>Le Tour du Lac Brome Sun Life b\u00e9n\u00e9ficie de l&rsquo;aide de plusieurs partenaires pour r\u00e9aliser sa mission. Le partenariat c\u2019est tout d\u2019abord un projet solidaire construit sur des int\u00e9r\u00eats mutuels: Souci de vous int\u00e9grer dans le tissu local, dynamisme, diffuser une image positive de votre entreprise autour de valeurs fortes, publicit\u00e9. Ceci augmentera votre notori\u00e9t\u00e9 [&hellip;]<\/p>","protected":false},"author":1,"featured_media":0,"parent":0,"menu_order":0,"comment_status":"closed","ping_status":"closed","template":"elementor_header_footer","meta":{"footnotes":""},"class_list":["post-152","page","type-page","status-publish","hentry"],"jetpack_sharing_enabled":true,"_links":{"self":[{"href":"https:\/\/tourdulacbrome.com\/en\/wp-json\/wp\/v2\/pages\/152","targetHints":{"allow":["GET"]}}],"collection":[{"href":"https:\/\/tourdulacbrome.com\/en\/wp-json\/wp\/v2\/pages"}],"about":[{"href":"https:\/\/tourdulacbrome.com\/en\/wp-json\/wp\/v2\/types\/page"}],"author":[{"embeddable":true,"href":"https:\/\/tourdulacbrome.com\/en\/wp-json\/wp\/v2\/users\/1"}],"replies":[{"embeddable":true,"href":"https:\/\/tourdulacbrome.com\/en\/wp-json\/wp\/v2\/comments?post=152"}],"version-history":[{"count":70,"href":"https:\/\/tourdulacbrome.com\/en\/wp-json\/wp\/v2\/pages\/152\/revisions"}],"predecessor-version":[{"id":872,"href":"https:\/\/tourdulacbrome.com\/en\/wp-json\/wp\/v2\/pages\/152\/revisions\/872"}],"wp:attachment":[{"href":"https:\/\/tourdulacbrome.com\/en\/wp-json\/wp\/v2\/media?parent=152"}],"curies":[{"name":"wp","href":"https:\/\/api.w.org\/{rel}","templated":true}]}}